{"id":7815,"date":"2025-10-09T22:08:37","date_gmt":"2025-10-09T20:08:37","guid":{"rendered":"https:\/\/www.patellamedical.com\/?page_id=7815"},"modified":"2026-01-19T13:18:19","modified_gmt":"2026-01-19T12:18:19","slug":"gm-proteggi-letto","status":"publish","type":"page","link":"https:\/\/www.patellamedical.com\/it\/gm-proteggi-letto\/","title":{"rendered":"GM Proteggi Letto"},"content":{"rendered":"\t\t<div data-elementor-type=\"wp-page\" data-elementor-id=\"7815\" class=\"elementor elementor-7815 elementor-6857\">\n\t\t\t\t<div class=\"elementor-element elementor-element-1945cf2 e-flex e-con-boxed e-con e-parent\" data-id=\"1945cf2\" data-element_type=\"container\">\n\t\t\t\t\t<div class=\"e-con-inner\">\n\t\t<div class=\"elementor-element elementor-element-5812653 e-con-full e-flex e-con e-child\" data-id=\"5812653\" data-element_type=\"container\">\n\t\t\t\t<div class=\"elementor-element elementor-element-fca9057 elementor-widget__width-inherit animated-fast elementor-invisible elementor-widget elementor-widget-heading\" data-id=\"fca9057\" data-element_type=\"widget\" data-settings=\"{&quot;_animation&quot;:&quot;opal-move-up&quot;}\" data-widget_type=\"heading.default\">\n\t\t\t\t\t<h2 class=\"elementor-heading-title elementor-size-default\">GM Proteggi Letto\n\n<\/h2>\t\t\t\t<\/div>\n\t\t\t\t<div class=\"elementor-element elementor-element-044b014 elementor-widget elementor-widget-text-editor\" data-id=\"044b014\" data-element_type=\"widget\" data-widget_type=\"text-editor.default\">\n\t\t\t\t\t\t\t\t\tI GM Proteggi Letto sono ideali per l\u2019assistenza domiciliare e istituzionale.Realizzati in materiale multistrato permeabile all\u2019acqua, con elevata capacit\u00e0 assorbente e retro traspirante per prevenire irritazioni. Il motivo a diamante favorisce un assorbimento rapido e una protezione efficace contro l\u2019incontinenza.\n\t\t\t\t\t\t\t\t<\/div>\n\t\t\t\t<\/div>\n\t\t<div class=\"elementor-element elementor-element-6f1bfd7 e-con-full e-flex e-con e-child\" data-id=\"6f1bfd7\" data-element_type=\"container\">\n\t\t\t\t<div class=\"elementor-element elementor-element-f78c8a9 elementor-widget elementor-widget-image\" data-id=\"f78c8a9\" data-element_type=\"widget\" data-widget_type=\"image.default\">\n\t\t\t\t\t\t\t\t\t\t\t\t\t\t\t<img fetchpriority=\"high\" decoding=\"async\" width=\"2560\" height=\"2560\" src=\"https:\/\/www.patellamedical.com\/wp-content\/uploads\/2025\/10\/1betegalatet1-scaled.png\" class=\"attachment-full size-full wp-image-7812\" alt=\"\" srcset=\"https:\/\/www.patellamedical.com\/wp-content\/uploads\/2025\/10\/1betegalatet1-scaled.png 2560w, https:\/\/www.patellamedical.com\/wp-content\/uploads\/2025\/10\/1betegalatet1-300x300.png 300w, https:\/\/www.patellamedical.com\/wp-content\/uploads\/2025\/10\/1betegalatet1-1024x1024.png 1024w, https:\/\/www.patellamedical.com\/wp-content\/uploads\/2025\/10\/1betegalatet1-150x150.png 150w, https:\/\/www.patellamedical.com\/wp-content\/uploads\/2025\/10\/1betegalatet1-768x768.png 768w, https:\/\/www.patellamedical.com\/wp-content\/uploads\/2025\/10\/1betegalatet1-1536x1536.png 1536w, https:\/\/www.patellamedical.com\/wp-content\/uploads\/2025\/10\/1betegalatet1-2048x2048.png 2048w\" sizes=\"(max-width: 2560px) 100vw, 2560px\" \/>\t\t\t\t\t\t\t\t\t\t\t\t\t\t\t<\/div>\n\t\t\t\t<\/div>\n\t\t\t\t\t<\/div>\n\t\t\t\t<\/div>\n\t\t<div class=\"elementor-element elementor-element-74474d6 e-flex e-con-boxed e-con e-parent\" data-id=\"74474d6\" data-element_type=\"container\">\n\t\t\t\t\t<div class=\"e-con-inner\">\n\t\t<div class=\"elementor-element elementor-element-980e1d5 e-con-full e-flex e-con e-child\" data-id=\"980e1d5\" data-element_type=\"container\">\n\t\t\t\t<div class=\"elementor-element elementor-element-7304cf3 elementor-hidden-tablet_extra elementor-hidden-tablet elementor-hidden-mobile_extra elementor-hidden-mobile elementor-widget elementor-widget-image\" data-id=\"7304cf3\" data-element_type=\"widget\" data-widget_type=\"image.default\">\n\t\t\t\t\t\t\t\t\t\t\t\t\t\t\t<img decoding=\"async\" width=\"2560\" height=\"2560\" src=\"https:\/\/www.patellamedical.com\/wp-content\/uploads\/2025\/10\/betegalatet5-scaled.png\" class=\"attachment-full size-full wp-image-7813\" alt=\"\" srcset=\"https:\/\/www.patellamedical.com\/wp-content\/uploads\/2025\/10\/betegalatet5-scaled.png 2560w, https:\/\/www.patellamedical.com\/wp-content\/uploads\/2025\/10\/betegalatet5-300x300.png 300w, https:\/\/www.patellamedical.com\/wp-content\/uploads\/2025\/10\/betegalatet5-1024x1024.png 1024w, https:\/\/www.patellamedical.com\/wp-content\/uploads\/2025\/10\/betegalatet5-150x150.png 150w, https:\/\/www.patellamedical.com\/wp-content\/uploads\/2025\/10\/betegalatet5-768x768.png 768w, https:\/\/www.patellamedical.com\/wp-content\/uploads\/2025\/10\/betegalatet5-1536x1536.png 1536w, https:\/\/www.patellamedical.com\/wp-content\/uploads\/2025\/10\/betegalatet5-2048x2048.png 2048w\" sizes=\"(max-width: 2560px) 100vw, 2560px\" \/>\t\t\t\t\t\t\t\t\t\t\t\t\t\t\t<\/div>\n\t\t\t\t<\/div>\n\t\t<div class=\"elementor-element elementor-element-3cb0d9a e-con-full e-flex e-con e-child\" data-id=\"3cb0d9a\" data-element_type=\"container\">\n\t\t\t\t<div class=\"elementor-element elementor-element-41762c1 elementor-widget__width-inherit animated-fast elementor-invisible elementor-widget elementor-widget-heading\" data-id=\"41762c1\" data-element_type=\"widget\" data-settings=\"{&quot;_animation&quot;:&quot;opal-move-up&quot;}\" data-widget_type=\"heading.default\">\n\t\t\t\t\t<h2 class=\"elementor-heading-title elementor-size-default\">Caratteristiche principali<\/h2>\t\t\t\t<\/div>\n\t\t\t\t<div class=\"elementor-element elementor-element-a24c3db elementor-widget elementor-widget-text-editor\" data-id=\"a24c3db\" data-element_type=\"widget\" data-widget_type=\"text-editor.default\">\n\t\t\t\t\t\t\t\t\t<p><strong>Materiale multistrato permeabile all\u2019acqua<br \/><\/strong><strong><br \/>Assorbimento rapido grazie allo strato superiore in non tessuto intrecciato<br \/><\/strong><strong><br \/>Motivo a diamante per protezione avanzata e assorbimento rapido<br \/><\/strong><strong><br \/>Maggiore protezione anche in caso di incontinenza grave<\/strong><\/p><p><strong>Retro traspirante per ridurre irritazioni<\/strong><\/p><p><strong>Barriere laterali anti-perdita<\/strong><\/p>\t\t\t\t\t\t\t\t<\/div>\n\t\t\t\t<div class=\"elementor-element elementor-element-0fbb2eb elementor-hidden-desktop elementor-hidden-laptop elementor-widget elementor-widget-image\" data-id=\"0fbb2eb\" data-element_type=\"widget\" data-widget_type=\"image.default\">\n\t\t\t\t\t\t\t\t\t\t\t\t\t\t\t<img decoding=\"async\" width=\"2560\" height=\"2560\" src=\"https:\/\/www.patellamedical.com\/wp-content\/uploads\/2025\/10\/betegalatet5-scaled.png\" class=\"attachment-full size-full wp-image-7813\" alt=\"\" srcset=\"https:\/\/www.patellamedical.com\/wp-content\/uploads\/2025\/10\/betegalatet5-scaled.png 2560w, https:\/\/www.patellamedical.com\/wp-content\/uploads\/2025\/10\/betegalatet5-300x300.png 300w, https:\/\/www.patellamedical.com\/wp-content\/uploads\/2025\/10\/betegalatet5-1024x1024.png 1024w, https:\/\/www.patellamedical.com\/wp-content\/uploads\/2025\/10\/betegalatet5-150x150.png 150w, https:\/\/www.patellamedical.com\/wp-content\/uploads\/2025\/10\/betegalatet5-768x768.png 768w, https:\/\/www.patellamedical.com\/wp-content\/uploads\/2025\/10\/betegalatet5-1536x1536.png 1536w, https:\/\/www.patellamedical.com\/wp-content\/uploads\/2025\/10\/betegalatet5-2048x2048.png 2048w\" sizes=\"(max-width: 2560px) 100vw, 2560px\" \/>\t\t\t\t\t\t\t\t\t\t\t\t\t\t\t<\/div>\n\t\t\t\t<\/div>\n\t\t\t\t\t<\/div>\n\t\t\t\t<\/div>\n\t\t<div class=\"elementor-element elementor-element-f8f7aa1 e-flex e-con-boxed e-con e-parent\" data-id=\"f8f7aa1\" data-element_type=\"container\">\n\t\t\t\t\t<div class=\"e-con-inner\">\n\t\t<div class=\"elementor-element elementor-element-9dd23e8 e-con-full e-flex e-con e-child\" data-id=\"9dd23e8\" data-element_type=\"container\">\n\t\t\t\t<div class=\"elementor-element elementor-element-1909bc3 elementor-widget elementor-widget-text-editor\" data-id=\"1909bc3\" data-element_type=\"widget\" data-widget_type=\"text-editor.default\">\n\t\t\t\t\t\t\t\t\t<h3 style=\"margin-bottom: 20px; padding: 0px; border: 0px; vertical-align: baseline; font-variant-numeric: inherit; font-variant-east-asian: inherit; font-variant-alternates: inherit; font-variant-position: inherit; font-variant-emoji: inherit; font-weight: 500; font-stretch: inherit; line-height: 1.4; font-family: Poppins, Arial, Helvetica, sans-serif; font-optical-sizing: inherit; font-size-adjust: inherit; font-kerning: inherit; font-feature-settings: inherit; font-variation-settings: inherit; font-size: 22px; color: #242424; margin-block: 0px 20px; letter-spacing: normal; text-align: start;\"><span style=\"margin: 0px; padding: 0px; border: 0px; vertical-align: baseline; font-style: inherit; font-variant: inherit; font-weight: 600; font-stretch: inherit; line-height: inherit; font-family: inherit; font-optical-sizing: inherit; font-size-adjust: inherit; font-kerning: inherit; font-feature-settings: inherit; font-variation-settings: inherit;\">Uso consigliato:<br \/><\/span><\/h3><ul><li><span style=\"color: #000000;\">Prevenzione piaghe da decubito<br \/><\/span><\/li><li style=\"margin: 0px 0px 10px; padding: 0px; border: 0px; vertical-align: baseline; font-style: inherit; font-variant: inherit; font-weight: inherit; font-stretch: inherit; line-height: inherit; font-family: inherit; font-optical-sizing: inherit; font-size-adjust: inherit; font-kerning: inherit; font-feature-settings: inherit; font-variation-settings: inherit;\"><span style=\"color: #000000;\"><span style=\"color: #000000;\">Persone anziane o allettate<\/span><\/span><\/li><li style=\"margin: 0px 0px 10px; padding: 0px; border: 0px; vertical-align: baseline; font-style: inherit; font-variant: inherit; font-weight: inherit; font-stretch: inherit; line-height: inherit; font-family: inherit; font-optical-sizing: inherit; font-size-adjust: inherit; font-kerning: inherit; font-feature-settings: inherit; font-variation-settings: inherit;\"><span style=\"color: #000000;\">Uso notturno<br \/><\/span><\/li><li style=\"margin: 0px; padding: 0px; border: 0px; vertical-align: baseline; font-style: inherit; font-variant: inherit; font-weight: inherit; font-stretch: inherit; line-height: inherit; font-family: inherit; font-optical-sizing: inherit; font-size-adjust: inherit; font-kerning: inherit; font-feature-settings: inherit; font-variation-settings: inherit;\"><span style=\"color: #000000;\">Assistenza domiciliare o istituzionale<br \/><\/span><\/li><\/ul><h3 style=\"margin-bottom: 20px; padding: 0px; border: 0px; vertical-align: baseline; font-variant-numeric: inherit; font-variant-east-asian: inherit; font-variant-alternates: inherit; font-variant-position: inherit; font-variant-emoji: inherit; font-weight: 500; font-stretch: inherit; line-height: 1.4; font-family: Poppins, Arial, Helvetica, sans-serif; font-optical-sizing: inherit; font-size-adjust: inherit; font-kerning: inherit; font-feature-settings: inherit; font-variation-settings: inherit; font-size: 22px; color: #242424; margin-block: 0px 20px; letter-spacing: normal; text-align: start;\"><span style=\"margin: 0px; padding: 0px; border: 0px; vertical-align: baseline; font-style: inherit; font-variant: inherit; font-weight: 600; font-stretch: inherit; line-height: inherit; font-family: inherit; font-optical-sizing: inherit; font-size-adjust: inherit; font-kerning: inherit; font-feature-settings: inherit; font-variation-settings: inherit;\">Formati disponibili:<br \/><\/span><\/h3><ul><li><strong>40\u00d760 cm, 60\u00d760 cm, 60\u00d790 cm \u2013 30 pezzi per confezione<br \/><\/strong><\/li><li><strong>80\u00d7170 cm \u2013 10 pezzi per confezione <\/strong><\/li><\/ul>\t\t\t\t\t\t\t\t<\/div>\n\t\t\t\t<div class=\"elementor-element elementor-element-b478c40 enable-style-icon-yes animated-fast elementor-button-outline icon-spaciaz-right elementor-invisible elementor-widget elementor-widget-spaciaz-button\" data-id=\"b478c40\" data-element_type=\"widget\" data-settings=\"{&quot;_animation&quot;:&quot;opal-move-left&quot;}\" data-widget_type=\"spaciaz-button.default\">\n\t\t\t\t<div class=\"elementor-widget-container\">\n\t\t\t\t\t        <div class=\"elementor-button-wrapper\">\n            <a href=\"https:\/\/gyogybolt.hu\/gm-betegalatet-antidecubitus\/\" class=\"elementor-button-link elementor-button elementor-size-sm\" role=\"button\">\n                        <span class=\"elementor-button-content-wrapper\">\n                          <span class=\"elementor-button-icon\">\n                    <span class=\"btn-icon-wrap\">\n                        <span class=\"btn-icon\">\n                            <i aria-hidden=\"true\" class=\"spaciaz-icon- spaciaz-icon-arrow-long-right\"><\/i>                        <\/span>\n                        <span class=\"btn-icon-hover\">\n                            <i aria-hidden=\"true\" class=\"spaciaz-icon- spaciaz-icon-arrow-long-right\"><\/i>                        <\/span>\n                    <\/span>\n\t\t\t   <\/span>\n            \t\t\t<span class=\"elementor-button-text\" data-name=\"Buy now\">\n                <span>Buy now<\/span>\n            <\/span>\n\t\t<\/span>\n                    <\/a>\n        <\/div>\n        \t\t\t\t<\/div>\n\t\t\t\t<\/div>\n\t\t\t\t<\/div>\n\t\t<div class=\"elementor-element elementor-element-a481178 e-con-full e-flex e-con e-child\" data-id=\"a481178\" data-element_type=\"container\">\n\t\t\t\t<div class=\"elementor-element elementor-element-9551560 elementor-widget elementor-widget-image\" data-id=\"9551560\" data-element_type=\"widget\" data-widget_type=\"image.default\">\n\t\t\t\t\t\t\t\t\t\t\t\t\t\t\t<img decoding=\"async\" width=\"2560\" height=\"1024\" src=\"https:\/\/www.patellamedical.com\/wp-content\/uploads\/2025\/10\/osszesmeret-scaled-e1760078771780.png\" class=\"attachment-full size-full wp-image-7814\" alt=\"\" srcset=\"https:\/\/www.patellamedical.com\/wp-content\/uploads\/2025\/10\/osszesmeret-scaled-e1760078771780.png 2560w, https:\/\/www.patellamedical.com\/wp-content\/uploads\/2025\/10\/osszesmeret-scaled-e1760078771780-300x120.png 300w, https:\/\/www.patellamedical.com\/wp-content\/uploads\/2025\/10\/osszesmeret-scaled-e1760078771780-1024x410.png 1024w, https:\/\/www.patellamedical.com\/wp-content\/uploads\/2025\/10\/osszesmeret-scaled-e1760078771780-768x307.png 768w, https:\/\/www.patellamedical.com\/wp-content\/uploads\/2025\/10\/osszesmeret-scaled-e1760078771780-1536x614.png 1536w, https:\/\/www.patellamedical.com\/wp-content\/uploads\/2025\/10\/osszesmeret-scaled-e1760078771780-2048x819.png 2048w\" sizes=\"(max-width: 2560px) 100vw, 2560px\" \/>\t\t\t\t\t\t\t\t\t\t\t\t\t\t\t<\/div>\n\t\t\t\t<\/div>\n\t\t\t\t\t<\/div>\n\t\t\t\t<\/div>\n\t\t\t\t<\/div>\n\t\t","protected":false},"excerpt":{"rendered":"<p>GM Proteggi Letto I GM Proteggi Letto sono ideali per l\u2019assistenza domiciliare e istituzionale.Realizzati in materiale multistrato permeabile all\u2019acqua, con elevata capacit\u00e0 assorbente e retro traspirante per prevenire irritazioni. Il motivo a diamante favorisce un assorbimento rapido e una protezione efficace contro l\u2019incontinenza. Caratteristiche principali Materiale multistrato permeabile all\u2019acquaAssorbimento rapido grazie allo strato superiore in [&hellip;]<\/p>\n","protected":false},"author":1,"featured_media":0,"parent":0,"menu_order":0,"comment_status":"closed","ping_status":"closed","template":"","meta":{"footnotes":""},"class_list":["post-7815","page","type-page","status-publish","hentry"],"_links":{"self":[{"href":"https:\/\/www.patellamedical.com\/it\/wp-json\/wp\/v2\/pages\/7815","targetHints":{"allow":["GET"]}}],"collection":[{"href":"https:\/\/www.patellamedical.com\/it\/wp-json\/wp\/v2\/pages"}],"about":[{"href":"https:\/\/www.patellamedical.com\/it\/wp-json\/wp\/v2\/types\/page"}],"author":[{"embeddable":true,"href":"https:\/\/www.patellamedical.com\/it\/wp-json\/wp\/v2\/users\/1"}],"replies":[{"embeddable":true,"href":"https:\/\/www.patellamedical.com\/it\/wp-json\/wp\/v2\/comments?post=7815"}],"version-history":[{"count":7,"href":"https:\/\/www.patellamedical.com\/it\/wp-json\/wp\/v2\/pages\/7815\/revisions"}],"predecessor-version":[{"id":7874,"href":"https:\/\/www.patellamedical.com\/it\/wp-json\/wp\/v2\/pages\/7815\/revisions\/7874"}],"wp:attachment":[{"href":"https:\/\/www.patellamedical.com\/it\/wp-json\/wp\/v2\/media?parent=7815"}],"curies":[{"name":"wp","href":"https:\/\/api.w.org\/{rel}","templated":true}]}}